{"id":7,"date":"2023-04-28T01:10:44","date_gmt":"2023-04-28T04:10:44","guid":{"rendered":"https:\/\/lightcoral-locust-617416.hostingersite.com\/cotacao\/carrinho\/"},"modified":"2023-05-15T07:23:12","modified_gmt":"2023-05-15T10:23:12","slug":"carrinho","status":"publish","type":"page","link":"https:\/\/www.aeroconsultseguros.com\/cotacao\/carrinho\/","title":{"rendered":"Carrinho"},"content":{"rendered":"<p>[et_pb_section fb_built=&#8221;1&#8243; custom_padding_last_edited=&#8221;on|tablet&#8221; _builder_version=&#8221;4.21.0&#8243; _module_preset=&#8221;default&#8221; background_color=&#8221;#493A2D&#8221; use_background_color_gradient=&#8221;on&#8221; background_color_gradient_stops=&#8221;rgba(73,58,45,0.56) 1%|rgba(229,134,61,0.54) 100%&#8221; background_image=&#8221;https:\/\/www.aeroconsultseguros.com\/cotacao\/wp-content\/uploads\/2023\/05\/AdobeStock_367170256-scaled-1.jpg&#8221; background_blend=&#8221;multiply&#8221; width_tablet=&#8221;&#8221; width_phone=&#8221;&#8221; width_last_edited=&#8221;on|tablet&#8221; max_width_tablet=&#8221;&#8221; max_width_phone=&#8221;&#8221; max_width_last_edited=&#8221;on|phone&#8221; min_height_tablet=&#8221;&#8221; min_height_phone=&#8221;140px&#8221; min_height_last_edited=&#8221;on|tablet&#8221; max_height_tablet=&#8221;&#8221; max_height_phone=&#8221;&#8221; max_height_last_edited=&#8221;on|tablet&#8221; custom_margin=&#8221;0px||0px||false|false&#8221; custom_margin_tablet=&#8221;0px||0px||true|false&#8221; custom_margin_phone=&#8221;0px||0px||true|false&#8221; custom_margin_last_edited=&#8221;on|phone&#8221; custom_padding=&#8221;220px|15px|20px|15px|false|true&#8221; custom_padding_tablet=&#8221;100px|15px|50px|15px|false|true&#8221; custom_padding_phone=&#8221;100px|15px|50px|15px|false|true&#8221; animation_style=&#8221;fade&#8221; module_alignment_tablet=&#8221;&#8221; module_alignment_phone=&#8221;&#8221; module_alignment_last_edited=&#8221;on|tablet&#8221; border_width_bottom=&#8221;4px&#8221; border_color_bottom=&#8221;#E5863D&#8221; locked=&#8221;off&#8221; collapsed=&#8221;off&#8221; global_colors_info=&#8221;{}&#8221;][\/et_pb_section][et_pb_section fb_built=&#8221;1&#8243; custom_padding_last_edited=&#8221;on|phone&#8221; _builder_version=&#8221;4.21.0&#8243; _module_preset=&#8221;default&#8221; width_tablet=&#8221;&#8221; width_phone=&#8221;&#8221; width_last_edited=&#8221;on|desktop&#8221; max_width_tablet=&#8221;&#8221; max_width_phone=&#8221;&#8221; max_width_last_edited=&#8221;on|tablet&#8221; min_height_tablet=&#8221;&#8221; min_height_phone=&#8221;&#8221; min_height_last_edited=&#8221;on|tablet&#8221; custom_margin=&#8221;0px||||false|false&#8221; custom_margin_tablet=&#8221;0px||0px||true|false&#8221; custom_margin_phone=&#8221;0px||0px||true|false&#8221; custom_margin_last_edited=&#8221;on|tablet&#8221; custom_padding=&#8221;0px|15px|30px|15px|false|true&#8221; custom_padding_tablet=&#8221;0px|15px|10px|15px|false|true&#8221; custom_padding_phone=&#8221;||20px||false|true&#8221; animation_style=&#8221;fade&#8221; animation_duration=&#8221;500ms&#8221; animation_delay=&#8221;300ms&#8221; module_alignment_tablet=&#8221;&#8221; module_alignment_phone=&#8221;&#8221; module_alignment_last_edited=&#8221;on|tablet&#8221; locked=&#8221;off&#8221; global_colors_info=&#8221;{}&#8221;][et_pb_row column_structure=&#8221;1_4,3_4&#8243; use_custom_gutter=&#8221;on&#8221; gutter_width=&#8221;2&#8243; make_equal=&#8221;on&#8221; custom_padding_last_edited=&#8221;on|phone&#8221; module_id=&#8221;produtos&#8221; _builder_version=&#8221;4.21.0&#8243; _module_preset=&#8221;default&#8221; width=&#8221;100%&#8221; custom_margin=&#8221;0px|auto|0px|auto|true|false&#8221; custom_margin_tablet=&#8221;0px|auto|0px|auto|true|false&#8221; custom_margin_phone=&#8221;0px|auto|0px|auto|true|false&#8221; custom_margin_last_edited=&#8221;on|desktop&#8221; custom_padding=&#8221;0px|0px|0px|0px|false|true&#8221; custom_padding_tablet=&#8221;||0px||false|false&#8221; custom_padding_phone=&#8221;0px||0px||false|false&#8221; global_colors_info=&#8221;{}&#8221;][et_pb_column type=&#8221;1_4&#8243; _builder_version=&#8221;4.21.0&#8243; _module_preset=&#8221;default&#8221; custom_padding_tablet=&#8221;&#8221; custom_padding_phone=&#8221;&#8221; custom_padding_last_edited=&#8221;on|desktop&#8221; animation_style=&#8221;fade&#8221; animation_delay=&#8221;700ms&#8221; global_colors_info=&#8221;{}&#8221; custom_css_main_element_last_edited=&#8221;on|phone&#8221; custom_css_main_element_phone=&#8221;display:none;&#8221;][et_pb_blurb title=&#8221;Cota\u00e7\u00f5es adicionadas em seu carrinho.&#8221; content_max_width=&#8221;1100px&#8221; module_id=&#8221;header-text&#8221; _builder_version=&#8221;4.21.0&#8243; _module_preset=&#8221;default&#8221; header_level=&#8221;h2&#8243; header_font_size=&#8221;27px&#8221; body_font_size=&#8221;15px&#8221; body_line_height=&#8221;1.1em&#8221; background_color=&#8221;#FFFFFF&#8221; custom_margin=&#8221;10px||10px||true|false&#8221; custom_margin_tablet=&#8221;10px||10px||true|false&#8221; custom_margin_phone=&#8221;10px||10px||true|false&#8221; custom_margin_last_edited=&#8221;on|desktop&#8221; custom_padding=&#8221;20px|20px|20px|20px|true|true&#8221; header_font_size_tablet=&#8221;31px&#8221; header_font_size_phone=&#8221;31px&#8221; header_font_size_last_edited=&#8221;on|desktop&#8221; body_font_size_tablet=&#8221;12px&#8221; body_font_size_phone=&#8221;12px&#8221; body_font_size_last_edited=&#8221;on|desktop&#8221; body_letter_spacing_tablet=&#8221;&#8221; body_letter_spacing_phone=&#8221;&#8221; body_letter_spacing_last_edited=&#8221;on|desktop&#8221; body_line_height_tablet=&#8221;1em&#8221; body_line_height_phone=&#8221;1em&#8221; body_line_height_last_edited=&#8221;on|desktop&#8221; custom_css_blurb_title=&#8221;margin-bottom: 10px;&#8221; global_colors_info=&#8221;{}&#8221; custom_css_blurb_title_last_edited=&#8221;on|desktop&#8221; custom_css_blurb_title_tablet=&#8221;margin-bottom: 20px;&#8221; custom_css_blurb_title_phone=&#8221;margin-bottom: 20px;&#8221;][\/et_pb_blurb][et_pb_blurb title=&#8221;Gerar cota\u00e7\u00e3o&#8221; use_icon=&#8221;on&#8221; font_icon=&#8221;&#xe0e7;||divi||400&#8243; icon_color=&#8221;rgba(128,133,139,0.79)&#8221; icon_placement=&#8221;left&#8221; image_icon_width=&#8221;27px&#8221; module_id=&#8221;nav-quote&#8221; _builder_version=&#8221;4.21.0&#8243; _module_preset=&#8221;default&#8221; header_text_color=&#8221;rgba(94,94,94,0.59)&#8221; header_font_size=&#8221;16px&#8221; header_line_height=&#8221;1.9em&#8221; custom_margin=&#8221;||0px||false|false&#8221; custom_padding=&#8221;|||15px|false|false&#8221; animation_style=&#8221;fade&#8221; animation_delay=&#8221;600ms&#8221; custom_css_after=&#8221;content: %22|%22;||display: inline-block;||position: relative;||background-color: rgb(234,234,234);||height: 20px;||width: 2px;||top: 0px;||overflow:hidden;||margin-left: 14px;&#8221; border_color_all_image=&#8221;#E5863D&#8221; global_colors_info=&#8221;{}&#8221;][\/et_pb_blurb][et_pb_blurb title=&#8221;Cota\u00e7\u00e3o gerada&#8221; use_icon=&#8221;on&#8221; font_icon=&#8221;&#xf688;||fa||900&#8243; icon_color=&#8221;rgba(128,133,139,0.79)&#8221; icon_placement=&#8221;left&#8221; image_icon_width=&#8221;27px&#8221; module_id=&#8221;nav-check&#8221; _builder_version=&#8221;4.21.0&#8243; _module_preset=&#8221;default&#8221; header_text_color=&#8221;rgba(94,94,94,0.59)&#8221; header_font_size=&#8221;16px&#8221; header_line_height=&#8221;1.9em&#8221; custom_margin=&#8221;||0px||false|false&#8221; custom_padding=&#8221;|||15px|false|false&#8221; animation_style=&#8221;fade&#8221; animation_delay=&#8221;800ms&#8221; custom_css_after=&#8221;content: %22|%22;||display: inline-block;||position: relative;||background-color: rgb(234,234,234);||height: 20px;||width: 2px;||top: 0px;||overflow:hidden;||margin-left: 14px;&#8221; border_color_all_image=&#8221;#E5863D&#8221; global_colors_info=&#8221;{}&#8221;][\/et_pb_blurb][et_pb_blurb title=&#8221;Carrinho&#8221; use_icon=&#8221;on&#8221; font_icon=&#8221;&#xe07a;||divi||400&#8243; icon_color=&#8221;#EC6400&#8243; icon_placement=&#8221;left&#8221; image_icon_width=&#8221;30px&#8221; module_id=&#8221;nav-cart&#8221; _builder_version=&#8221;4.21.0&#8243; _module_preset=&#8221;default&#8221; header_font=&#8221;|600|||||||&#8221; header_text_color=&#8221;#EC6400&#8243; header_font_size=&#8221;16px&#8221; header_line_height=&#8221;1.9em&#8221; custom_margin=&#8221;||5px||false|false&#8221; custom_padding=&#8221;|||15px|false|false&#8221; animation_style=&#8221;fade&#8221; animation_delay=&#8221;900ms&#8221; custom_css_after=&#8221;||||||&#8221; global_colors_info=&#8221;{}&#8221;][\/et_pb_blurb][et_pb_button button_url=&#8221;@ET-DC@eyJkeW5hbWljIjp0cnVlLCJjb250ZW50IjoicG9zdF9saW5rX3VybF9wYWdlIiwic2V0dGluZ3MiOnsicG9zdF9pZCI6IjQ3NiJ9fQ==@&#8221; button_text=&#8221;Adicione outra cota\u00e7\u00e3o&#8221; button_alignment=&#8221;center&#8221; admin_label=&#8221;returForm&#8221; module_id=&#8221;returnForm&#8221; module_class=&#8221;returForm&#8221; _builder_version=&#8221;4.21.0&#8243; _dynamic_attributes=&#8221;button_url&#8221; _module_preset=&#8221;default&#8221; custom_button=&#8221;on&#8221; button_text_size=&#8221;18px&#8221; button_text_color=&#8221;#FFFFFF&#8221; button_bg_color=&#8221;#e58f4e&#8221; button_border_color=&#8221;#E5863D&#8221; button_border_radius=&#8221;50px&#8221; button_icon=&#8221;&#x34;||divi||400&#8243; button_icon_placement=&#8221;left&#8221; custom_margin=&#8221;30px||||false|false&#8221; custom_margin_tablet=&#8221;30px||||false|false&#8221; custom_margin_phone=&#8221;30px||||false|false&#8221; custom_margin_last_edited=&#8221;on|desktop&#8221; animation_style=&#8221;fade&#8221; animation_delay=&#8221;600ms&#8221; locked=&#8221;off&#8221; global_colors_info=&#8221;{}&#8221; button_text_color__hover_enabled=&#8221;on|hover&#8221; button_text_color__hover=&#8221;#FFFFFF&#8221;][\/et_pb_button][\/et_pb_column][et_pb_column type=&#8221;3_4&#8243; _builder_version=&#8221;4.21.0&#8243; _module_preset=&#8221;default&#8221; background_color=&#8221;RGBA(255,255,255,0)&#8221; transform_scale_tablet=&#8221;&#8221; transform_scale_phone=&#8221;&#8221; transform_scale_last_edited=&#8221;on|desktop&#8221; transform_translate_tablet=&#8221;&#8221; transform_translate_phone=&#8221;&#8221; transform_translate_last_edited=&#8221;on|desktop&#8221; transform_rotate_tablet=&#8221;&#8221; transform_rotate_phone=&#8221;&#8221; transform_rotate_last_edited=&#8221;on|desktop&#8221; transform_skew_tablet=&#8221;&#8221; transform_skew_phone=&#8221;&#8221; transform_skew_last_edited=&#8221;on|desktop&#8221; transform_origin_tablet=&#8221;&#8221; transform_origin_phone=&#8221;&#8221; transform_origin_last_edited=&#8221;on|desktop&#8221; transform_styles_last_edited=&#8221;on|desktop&#8221; custom_padding=&#8221;0px|0px|20px|0px|false|true&#8221; custom_padding_tablet=&#8221;0px|0px|20px|0px|false|true&#8221; custom_padding_phone=&#8221;0px||||false|true&#8221; custom_padding_last_edited=&#8221;on|phone&#8221; transform_styles_tablet=&#8221;&#8221; transform_styles_phone=&#8221;&#8221; custom_css_main_element=&#8221;margin-top:-50px&#8221; box_shadow_style=&#8221;preset3&#8243; global_colors_info=&#8221;{}&#8221; custom_css_main_element_last_edited=&#8221;on|phone&#8221; custom_css_main_element_tablet=&#8221;margin-top:-20px&#8221; custom_css_main_element_phone=&#8221;margin-top:-50px&#8221;][et_pb_blurb title=&#8221;Carrinho &#8211; (Minhas Cota\u00e7\u00f5es) &#8221; use_icon=&#8221;on&#8221; font_icon=&#8221;&#xe07a;||divi||400&#8243; icon_color=&#8221;#FFFFFF&#8221; image_icon_background_color=&#8221;RGBA(255,255,255,0)&#8221; icon_placement=&#8221;left&#8221; image_icon_width=&#8221;21px&#8221; content_max_width=&#8221;1100px&#8221; title_tablet=&#8221;Carrinho &#8211; (Minhas Cota\u00e7\u00f5es) &#8221; title_phone=&#8221;Carrinho &#8211; (Minhas Cota\u00e7\u00f5es) &#8221; title_last_edited=&#8221;on|phone&#8221; image_icon_width_tablet=&#8221;23px&#8221; image_icon_width_phone=&#8221;23px&#8221; image_icon_width_last_edited=&#8221;on|desktop&#8221; admin_label=&#8221;<\/p>\n<h2>&#8221; module_id=&#8221;header&#8221; _builder_version=&#8221;4.21.0&#8243; _module_preset=&#8221;default&#8221; header_level=&#8221;h2&#8243; header_font=&#8221;|600|||||||&#8221; header_text_color=&#8221;#FFFFFF&#8221; header_font_size=&#8221;21px&#8221; body_font=&#8221;|700|||||||&#8221; background_enable_color=&#8221;off&#8221; use_background_color_gradient=&#8221;on&#8221; background_color_gradient_direction=&#8221;173deg&#8221; background_color_gradient_stops=&#8221;#493a2d 0%|rgba(104,78,63,0.92) 98%&#8221; module_alignment=&#8221;left&#8221; custom_margin=&#8221;|0px|||false|false&#8221; custom_padding=&#8221;10px|15px|1px|15px|false|true&#8221; header_font_size_tablet=&#8221;21px&#8221; header_font_size_phone=&#8221;21px&#8221; header_font_size_last_edited=&#8221;on|desktop&#8221; custom_css_main_element=&#8221;height: 50px;||position:relative;||&#8221; custom_css_blurb_image=&#8221;padding-top:2px;&#8221; custom_css_blurb_title=&#8221;border-bottom: 3px solid #ffb74d;||position: absolute;||padding-top:4px;||padding-bottom:12px;||||&#8221; border_width_bottom=&#8221;4px&#8221; border_color_bottom=&#8221;#e5863d&#8221; locked=&#8221;off&#8221; global_colors_info=&#8221;{}&#8221; custom_css_blurb_title_last_edited=&#8221;on|desktop&#8221; custom_css_blurb_image_last_edited=&#8221;on|desktop&#8221; custom_css_blurb_title_tablet=&#8221;border-bottom: 3px solid #ffb74d;||position: absolute;||padding-top:4px;||padding-bottom:12px;||||&#8221; custom_css_blurb_title_phone=&#8221;border-bottom: 3px solid #ffb74d;||position: absolute;||padding-top:4px;||padding-bottom:12px;||||&#8221; custom_css_blurb_image_tablet=&#8221;padding-top:2px;&#8221; custom_css_blurb_image_phone=&#8221;padding-top:2px;&#8221;][\/et_pb_blurb][et_pb_wc_cart_products image_max_width=&#8221;66px&#8221; _builder_version=&#8221;4.21.0&#8243; _module_preset=&#8221;default&#8221; icon_background_color=&#8221;#f44d33&#8243; icon_text_color=&#8221;#FFFFFF&#8221; custom_padding=&#8221;10px|20px|10px|20px|true|true&#8221; custom_css_disabled_button=&#8221;display: none;&#8221; global_colors_info=&#8221;{}&#8221;][\/et_pb_wc_cart_products][et_pb_wc_cart_totals _builder_version=&#8221;4.20.4&#8243; _module_preset=&#8221;default&#8221; custom_button=&#8221;on&#8221; button_text_color=&#8221;#FFFFFF&#8221; button_bg_color=&#8221;#E56731&#8243; button_border_color=&#8221;#E56731&#8243; max_width=&#8221;454px&#8221; module_alignment=&#8221;right&#8221; custom_padding=&#8221;20px|20px|20px|20px|true|true&#8221; animation_style=&#8221;fade&#8221; animation_direction=&#8221;bottom&#8221; animation_duration=&#8221;750ms&#8221; global_colors_info=&#8221;{}&#8221;][\/et_pb_wc_cart_totals][et_pb_wc_cart_notice module_id=&#8221;cart-notifications&#8221; _builder_version=&#8221;4.21.0&#8243; _module_preset=&#8221;default&#8221; title_text_color=&#8221;#FFFFFF&#8221; background_color=&#8221;#E56731&#8243; custom_button=&#8221;on&#8221; button_custom_margin=&#8221;|20px||20px|false|true&#8221; custom_margin=&#8221;0em|20px|2em|20px|false|true&#8221; custom_padding=&#8221;20px|20px|20px|20px|true|true&#8221; animation_style=&#8221;fade&#8221; animation_duration=&#8221;900ms&#8221; animation_delay=&#8221;500ms&#8221; custom_css_button=&#8221;display: none!important&#8221; custom_css_coupon_form=&#8221;display: none!important&#8221; global_colors_info=&#8221;{}&#8221;][\/et_pb_wc_cart_notice][et_pb_button button_url=&#8221;@ET-DC@eyJkeW5hbWljIjp0cnVlLCJjb250ZW50IjoicG9zdF9saW5rX3VybF9wYWdlIiwic2V0dGluZ3MiOnsicG9zdF9pZCI6IjQ3NiJ9fQ==@&#8221; button_text=&#8221;Cote em 1 minuto!&#8221; button_alignment=&#8221;center&#8221; admin_label=&#8221;returForm&#8221; module_id=&#8221;start-quote&#8221; _builder_version=&#8221;4.21.0&#8243; _dynamic_attributes=&#8221;button_url&#8221; _module_preset=&#8221;default&#8221; custom_button=&#8221;on&#8221; button_text_size=&#8221;18px&#8221; button_text_color=&#8221;#FFFFFF&#8221; button_bg_color=&#8221;#e58f4e&#8221; button_border_color=&#8221;#E5863D&#8221; button_border_radius=&#8221;50px&#8221; button_font=&#8221;|600|||||||&#8221; button_icon=&#8221;&#x34;||divi||400&#8243; button_icon_placement=&#8221;left&#8221; custom_margin=&#8221;30px||||false|false&#8221; custom_margin_tablet=&#8221;30px||||false|false&#8221; custom_margin_phone=&#8221;30px||||false|false&#8221; custom_margin_last_edited=&#8221;on|desktop&#8221; animation_style=&#8221;fade&#8221; animation_delay=&#8221;1000ms&#8221; button_font_tablet=&#8221;|600|||||||&#8221; button_font_phone=&#8221;|600|||||||&#8221; button_font_last_edited=&#8221;on|desktop&#8221; locked=&#8221;off&#8221; global_colors_info=&#8221;{}&#8221; button_text_color__hover_enabled=&#8221;on|hover&#8221; button_text_color__hover=&#8221;#FFFFFF&#8221;][\/et_pb_button][et_pb_code admin_label=&#8221;<\/p>\n<style>\" _builder_version=\"4.21.0\" _module_preset=\"default\" hover_enabled=\"0\" global_colors_info=\"{}\" sticky_enabled=\"0\"]<\/p>\n<style><!-- [et_pb_line_break_holder] -->\t\/* remove botao voltar*\/<!-- [et_pb_line_break_holder] -->  .return-to-shop a.button.wc-backward.wp-element-button{<!-- [et_pb_line_break_holder] -->    display:none!important;<!-- [et_pb_line_break_holder] -->  }<!-- [et_pb_line_break_holder] -->  td.product-thumbnail,<!-- [et_pb_line_break_holder] -->  th.product-thumbnail, <!-- [et_pb_line_break_holder] -->  th.product-quantity,<!-- [et_pb_line_break_holder] -->  td.product-quantity,<!-- [et_pb_line_break_holder] -->  th.product-price,<!-- [et_pb_line_break_holder] -->  td.product-price{<!-- [et_pb_line_break_holder] -->      display: none!important;<!-- [et_pb_line_break_holder] --><!-- [et_pb_line_break_holder] -->  }<!-- [et_pb_line_break_holder] -->  \/* -------------------- *\/<!-- [et_pb_line_break_holder] --><\/style>\n<p>[\/et_pb_code][et_pb_code admin_label=\"<script>\" _builder_version=\"4.21.0\" _module_preset=\"default\" global_colors_info=\"{}\"]<script><!-- [et_pb_line_break_holder] -->\/*!<!-- [et_pb_line_break_holder] --> * eForm C\u00c1LCULO DE CUPOM<!-- [et_pb_line_break_holder] --> * Development \"InitiPress\"<!-- [et_pb_line_break_holder] --> * Contributors: andresobral - asobral@me.com<!-- [et_pb_line_break_holder] --> * criated  12\/05\/2023<!-- [et_pb_line_break_holder] --> * Released <!-- [et_pb_line_break_holder] --> * http:\/\/initipress.net\/<!-- [et_pb_line_break_holder] --> *\/<!-- [et_pb_line_break_holder] -->\/\/ Mapeamento dos campos conforme o t\u00edtulo.<!-- [et_pb_line_break_holder] -->jQuery(document).ready(function($) {<!-- [et_pb_line_break_holder] -->\tvar numberInputs<!-- [et_pb_line_break_holder] -->  var hstSite = window.location.hostname;          <!-- [et_pb_line_break_holder] -->  setTimeout(() => { <!-- [et_pb_line_break_holder] -->    $.getScript(\"https:\/\/\"+hstSite+\"\/cotacao\/wp-content\/themes\/Divi-child\/initipress\/valid\/wcStorage.js\");<!-- [et_pb_line_break_holder] -->    $.getScript(\"https:\/\/\"+hstSite+\"\/cotacao\/wp-content\/themes\/Divi-child\/initipress\/valid\/frontend.js\");<!-- [et_pb_line_break_holder] -->  }, 1000);<!-- [et_pb_line_break_holder] -->});<!-- [et_pb_line_break_holder] --><\/script><!-- [et_pb_line_break_holder] --><!-- [et_pb_line_break_holder] -->[\/et_pb_code][et_pb_code admin_label=\"<\/script>\" _builder_version=\"4.21.0\" _module_preset=\"default\" locked=\"off\" global_colors_info=\"{}\"]<script><!-- [et_pb_line_break_holder] -->\/*!<!-- [et_pb_line_break_holder] --> * eForm C\u00c1LCULO DE CUPOM<!-- [et_pb_line_break_holder] --> * Development \"InitiPress\"<!-- [et_pb_line_break_holder] --> * Contributors: andresobral - asobral@me.com<!-- [et_pb_line_break_holder] --> * criated  16\/01\/2023<!-- [et_pb_line_break_holder] --> * Released <!-- [et_pb_line_break_holder] --> * http:\/\/initipress.net\/<!-- [et_pb_line_break_holder] --> *\/<!-- [et_pb_line_break_holder] --><!-- [et_pb_line_break_holder] -->jQuery(document).ready(function($) {<!-- [et_pb_line_break_holder] -->  var hstSite = window.location.hostname;<!-- [et_pb_line_break_holder] -->  var numberInputs            <!-- [et_pb_line_break_holder] -->  setTimeout(() => { <!-- [et_pb_line_break_holder] -->    \/\/$.getScript(\"https:\/\/\"+hstSite+\"\/cotacao\/wp-content\/themes\/Divi-child\/initipress\/storageWC.js\");<!-- [et_pb_line_break_holder] -->\t\tvar btPedido = $(\".wc-proceed-to-checkout a.checkout-button\");<!-- [et_pb_line_break_holder] -->\t\tif (  btPedido.length ) { <!-- [et_pb_line_break_holder] -->   \t\t\tbtPedido.text(\"FINALIZAR\");<!-- [et_pb_line_break_holder] -->      }<!-- [et_pb_line_break_holder] -->      $('[type=\"number\"][id*=\"quantity_\"]').attr('disabled', 'disabled');<!-- [et_pb_line_break_holder] -->  }, 1000);<!-- [et_pb_line_break_holder] -->});<!-- [et_pb_line_break_holder] --><!-- [et_pb_line_break_holder] --><\/script><!-- [et_pb_line_break_holder] --><!-- [et_pb_line_break_holder] -->[\/et_pb_code][\/et_pb_column][\/et_pb_row][\/et_pb_section]<\/p>\n","protected":false},"excerpt":{"rendered":"","protected":false},"author":1,"featured_media":0,"parent":0,"menu_order":0,"comment_status":"closed","ping_status":"closed","template":"","meta":{"_et_pb_use_builder":"on","_et_pb_old_content":"<!-- wp:shortcode -->[woocommerce_cart]<!-- \/wp:shortcode -->","_et_gb_content_width":"","inline_featured_image":false,"footnotes":""},"class_list":["post-7","page","type-page","status-publish","hentry"],"_links":{"self":[{"href":"https:\/\/www.aeroconsultseguros.com\/cotacao\/wp-json\/wp\/v2\/pages\/7","targetHints":{"allow":["GET"]}}],"collection":[{"href":"https:\/\/www.aeroconsultseguros.com\/cotacao\/wp-json\/wp\/v2\/pages"}],"about":[{"href":"https:\/\/www.aeroconsultseguros.com\/cotacao\/wp-json\/wp\/v2\/types\/page"}],"author":[{"embeddable":true,"href":"https:\/\/www.aeroconsultseguros.com\/cotacao\/wp-json\/wp\/v2\/users\/1"}],"replies":[{"embeddable":true,"href":"https:\/\/www.aeroconsultseguros.com\/cotacao\/wp-json\/wp\/v2\/comments?post=7"}],"version-history":[{"count":0,"href":"https:\/\/www.aeroconsultseguros.com\/cotacao\/wp-json\/wp\/v2\/pages\/7\/revisions"}],"wp:attachment":[{"href":"https:\/\/www.aeroconsultseguros.com\/cotacao\/wp-json\/wp\/v2\/media?parent=7"}],"curies":[{"name":"wp","href":"https:\/\/api.w.org\/{rel}","templated":true}]}}