{"id":476,"date":"2023-05-14T22:50:20","date_gmt":"2023-05-15T01:50:20","guid":{"rendered":"https:\/\/lightcoral-locust-617416.hostingersite.com\/cotacao\/?page_id=476"},"modified":"2023-06-07T16:59:24","modified_gmt":"2023-06-07T19:59:24","slug":"home","status":"publish","type":"page","link":"https:\/\/www.aeroconsultseguros.com\/cotacao\/","title":{"rendered":"Home"},"content":{"rendered":"<p>[et_pb_section fb_built=&#8221;1&#8243; custom_padding_last_edited=&#8221;on|tablet&#8221; _builder_version=&#8221;4.21.0&#8243; _module_preset=&#8221;default&#8221; background_color=&#8221;#493A2D&#8221; use_background_color_gradient=&#8221;on&#8221; background_color_gradient_stops=&#8221;rgba(73,58,45,0.56) 1%|rgba(229,134,61,0.54) 100%&#8221; background_image=&#8221;https:\/\/www.aeroconsultseguros.com\/cotacao\/wp-content\/uploads\/2023\/05\/AdobeStock_367170256-scaled-1.jpg&#8221; background_blend=&#8221;multiply&#8221; width_tablet=&#8221;&#8221; width_phone=&#8221;&#8221; width_last_edited=&#8221;on|tablet&#8221; max_width_tablet=&#8221;&#8221; max_width_phone=&#8221;&#8221; max_width_last_edited=&#8221;on|phone&#8221; min_height_tablet=&#8221;&#8221; min_height_phone=&#8221;140px&#8221; min_height_last_edited=&#8221;on|tablet&#8221; max_height_tablet=&#8221;&#8221; max_height_phone=&#8221;&#8221; max_height_last_edited=&#8221;on|tablet&#8221; custom_margin=&#8221;0px||0px||false|false&#8221; custom_margin_tablet=&#8221;0px||0px||true|false&#8221; custom_margin_phone=&#8221;0px||0px||true|false&#8221; custom_margin_last_edited=&#8221;on|phone&#8221; custom_padding=&#8221;220px|15px|20px|15px|false|true&#8221; custom_padding_tablet=&#8221;100px|15px|50px|15px|false|true&#8221; custom_padding_phone=&#8221;100px|15px|50px|15px|false|true&#8221; animation_style=&#8221;fade&#8221; module_alignment_tablet=&#8221;&#8221; module_alignment_phone=&#8221;&#8221; module_alignment_last_edited=&#8221;on|tablet&#8221; border_width_bottom=&#8221;4px&#8221; border_color_bottom=&#8221;#E5863D&#8221; locked=&#8221;off&#8221; collapsed=&#8221;off&#8221; global_colors_info=&#8221;{}&#8221;][\/et_pb_section][et_pb_section fb_built=&#8221;1&#8243; custom_padding_last_edited=&#8221;on|phone&#8221; _builder_version=&#8221;4.21.0&#8243; _module_preset=&#8221;default&#8221; width_tablet=&#8221;&#8221; width_phone=&#8221;&#8221; width_last_edited=&#8221;on|desktop&#8221; max_width_tablet=&#8221;&#8221; max_width_phone=&#8221;&#8221; max_width_last_edited=&#8221;on|tablet&#8221; min_height_tablet=&#8221;&#8221; min_height_phone=&#8221;&#8221; min_height_last_edited=&#8221;on|tablet&#8221; custom_margin=&#8221;0px||0px||true|false&#8221; custom_margin_tablet=&#8221;0px||0px||true|false&#8221; custom_margin_phone=&#8221;0px||0px||true|false&#8221; custom_margin_last_edited=&#8221;on|tablet&#8221; custom_padding=&#8221;0px|15px|10px|15px|false|true&#8221; custom_padding_tablet=&#8221;0px|15px|10px|15px|false|true&#8221; custom_padding_phone=&#8221;||20px||false|true&#8221; animation_style=&#8221;fade&#8221; animation_duration=&#8221;500ms&#8221; animation_delay=&#8221;300ms&#8221; module_alignment_tablet=&#8221;&#8221; module_alignment_phone=&#8221;&#8221; module_alignment_last_edited=&#8221;on|tablet&#8221; locked=&#8221;off&#8221; global_colors_info=&#8221;{}&#8221;][et_pb_row column_structure=&#8221;1_3,1_3,1_3&#8243; use_custom_gutter=&#8221;on&#8221; gutter_width=&#8221;2&#8243; make_equal=&#8221;on&#8221; custom_padding_last_edited=&#8221;on|phone&#8221; module_id=&#8221;produtos&#8221; _builder_version=&#8221;4.21.0&#8243; _module_preset=&#8221;default&#8221; width=&#8221;100%&#8221; custom_margin=&#8221;0px|auto|0px|auto|true|false&#8221; custom_margin_tablet=&#8221;0px|auto|0px|auto|true|false&#8221; custom_margin_phone=&#8221;0px|auto|0px|auto|true|false&#8221; custom_margin_last_edited=&#8221;on|desktop&#8221; custom_padding=&#8221;0px|0px|0px|0px|false|true&#8221; custom_padding_tablet=&#8221;||0px||false|false&#8221; custom_padding_phone=&#8221;0px||0px||false|false&#8221; global_colors_info=&#8221;{}&#8221;][et_pb_column type=&#8221;1_3&#8243; _builder_version=&#8221;4.21.0&#8243; _module_preset=&#8221;default&#8221; custom_padding_tablet=&#8221;&#8221; custom_padding_phone=&#8221;&#8221; custom_padding_last_edited=&#8221;on|desktop&#8221; global_colors_info=&#8221;{}&#8221; custom_css_main_element_last_edited=&#8221;on|phone&#8221; custom_css_main_element_phone=&#8221;display:none;&#8221;][et_pb_blurb title=&#8221;Selecione qual produto deseja fazer a sua cota\u00e7\u00e3o&#8221; content_max_width=&#8221;1100px&#8221; _builder_version=&#8221;4.21.0&#8243; _module_preset=&#8221;default&#8221; header_level=&#8221;h2&#8243; header_font=&#8221;Poppins||||||||&#8221; header_font_size=&#8221;31px&#8221; header_line_height=&#8221;1.2em&#8221; body_font_size=&#8221;18px&#8221; body_line_height=&#8221;1.3em&#8221; background_color=&#8221;#FFFFFF&#8221; custom_margin=&#8221;10px||10px||true|false&#8221; custom_margin_tablet=&#8221;10px||10px||true|false&#8221; custom_margin_phone=&#8221;10px||10px||true|false&#8221; custom_margin_last_edited=&#8221;on|desktop&#8221; custom_padding=&#8221;20px|20px|20px|20px|true|true&#8221; hover_enabled=&#8221;0&#8243; header_font_size_tablet=&#8221;31px&#8221; header_font_size_phone=&#8221;31px&#8221; header_font_size_last_edited=&#8221;on|desktop&#8221; body_font_size_tablet=&#8221;12px&#8221; body_font_size_phone=&#8221;12px&#8221; body_font_size_last_edited=&#8221;on|desktop&#8221; body_letter_spacing_tablet=&#8221;&#8221; body_letter_spacing_phone=&#8221;&#8221; body_letter_spacing_last_edited=&#8221;on|desktop&#8221; body_line_height_tablet=&#8221;1em&#8221; body_line_height_phone=&#8221;1em&#8221; body_line_height_last_edited=&#8221;on|desktop&#8221; custom_css_blurb_title=&#8221;margin-bottom: 20px;&#8221; global_colors_info=&#8221;{}&#8221; custom_css_blurb_title_last_edited=&#8221;on|desktop&#8221; custom_css_blurb_title_tablet=&#8221;margin-bottom: 20px;&#8221; custom_css_blurb_title_phone=&#8221;margin-bottom: 20px;&#8221; sticky_enabled=&#8221;0&#8243;]Voc\u00ea est\u00e1 a um passo de obter a prote\u00e7\u00e3o ideal! [\/et_pb_blurb][\/et_pb_column][et_pb_column type=&#8221;1_3&#8243; _builder_version=&#8221;4.21.0&#8243; _module_preset=&#8221;default&#8221; background_color=&#8221;RGBA(255,255,255,0)&#8221; transform_scale_tablet=&#8221;&#8221; transform_scale_phone=&#8221;&#8221; transform_scale_last_edited=&#8221;on|desktop&#8221; transform_translate_tablet=&#8221;&#8221; transform_translate_phone=&#8221;&#8221; transform_translate_last_edited=&#8221;on|desktop&#8221; transform_rotate_tablet=&#8221;&#8221; transform_rotate_phone=&#8221;&#8221; transform_rotate_last_edited=&#8221;on|desktop&#8221; transform_skew_tablet=&#8221;&#8221; transform_skew_phone=&#8221;&#8221; transform_skew_last_edited=&#8221;on|desktop&#8221; transform_origin_tablet=&#8221;&#8221; transform_origin_phone=&#8221;&#8221; transform_origin_last_edited=&#8221;on|desktop&#8221; transform_styles_last_edited=&#8221;on|desktop&#8221; custom_padding=&#8221;0px|0px|20px|0px|false|true&#8221; custom_padding_tablet=&#8221;0px|0px|20px|0px|false|true&#8221; custom_padding_phone=&#8221;0px||||false|true&#8221; custom_padding_last_edited=&#8221;on|phone&#8221; transform_styles_tablet=&#8221;&#8221; transform_styles_phone=&#8221;&#8221; custom_css_main_element=&#8221;margin-top:-50px&#8221; box_shadow_style=&#8221;preset3&#8243; global_colors_info=&#8221;{}&#8221; custom_css_main_element_last_edited=&#8221;on|phone&#8221; custom_css_main_element_tablet=&#8221;margin-top:-20px&#8221; custom_css_main_element_phone=&#8221;margin-top:-50px&#8221;][et_pb_blurb title=&#8221;R.E.T.A. TRIPULADAS&#8221; use_icon=&#8221;on&#8221; font_icon=&#8221;&#xf072;||fa||900&#8243; icon_color=&#8221;#FFFFFF&#8221; image_icon_background_color=&#8221;RGBA(255,255,255,0)&#8221; icon_placement=&#8221;left&#8221; image_icon_width=&#8221;21px&#8221; content_max_width=&#8221;1100px&#8221; title_tablet=&#8221;R.E.T.A. TRIPULADAS&#8221; title_phone=&#8221;R.E.T.A. TRIPULADAS&#8221; title_last_edited=&#8221;on|phone&#8221; image_icon_width_tablet=&#8221;23px&#8221; image_icon_width_phone=&#8221;23px&#8221; image_icon_width_last_edited=&#8221;on|desktop&#8221; admin_label=&#8221;<\/p>\n<h2>&#8221; _builder_version=&#8221;4.21.0&#8243; _module_preset=&#8221;default&#8221; header_level=&#8221;h2&#8243; header_font=&#8221;|600||on|||||&#8221; header_text_color=&#8221;#FFFFFF&#8221; header_font_size=&#8221;21px&#8221; body_font=&#8221;|700|||||||&#8221; background_enable_color=&#8221;off&#8221; use_background_color_gradient=&#8221;on&#8221; background_color_gradient_direction=&#8221;173deg&#8221; background_color_gradient_stops=&#8221;#493a2d 0%|rgba(104,78,63,0.92) 98%&#8221; module_alignment=&#8221;left&#8221; custom_margin=&#8221;|0px|||false|false&#8221; custom_padding=&#8221;10px|15px|1px|15px|false|true&#8221; hover_enabled=&#8221;0&#8243; header_font_size_tablet=&#8221;21px&#8221; header_font_size_phone=&#8221;21px&#8221; header_font_size_last_edited=&#8221;on|desktop&#8221; custom_css_main_element=&#8221;height: 50px;||position:relative;||&#8221; custom_css_blurb_image=&#8221;padding-top:2px;&#8221; custom_css_blurb_title=&#8221;border-bottom: 3px solid #ffb74d;||position: absolute;||padding-top:4px;||padding-bottom:12px;||||&#8221; border_width_bottom=&#8221;4px&#8221; border_color_bottom=&#8221;#e5863d&#8221; locked=&#8221;off&#8221; global_colors_info=&#8221;{}&#8221; custom_css_blurb_title_last_edited=&#8221;on|desktop&#8221; custom_css_blurb_image_last_edited=&#8221;on|desktop&#8221; custom_css_blurb_title_tablet=&#8221;border-bottom: 3px solid #ffb74d;||position: absolute;||padding-top:4px;||padding-bottom:12px;||||&#8221; custom_css_blurb_title_phone=&#8221;border-bottom: 3px solid #ffb74d;||position: absolute;||padding-top:4px;||padding-bottom:12px;||||&#8221; custom_css_blurb_image_tablet=&#8221;padding-top:2px;&#8221; custom_css_blurb_image_phone=&#8221;padding-top:2px;&#8221; sticky_enabled=&#8221;0&#8243;][\/et_pb_blurb][et_pb_code admin_label=&#8221;%91ipt_fsqm_form id=%2226%22%93&#8243; _builder_version=&#8221;4.21.0&#8243; _module_preset=&#8221;default&#8221; animation_style=&#8221;fade&#8221; animation_duration=&#8221;600ms&#8221; animation_delay=&#8221;800ms&#8221; global_colors_info=&#8221;{}&#8221;][\/et_pb_code][et_pb_code admin_label=&#8221;<script>\" _builder_version=\"4.21.0\" _module_preset=\"default\" global_colors_info=\"{}\"]<script><!-- [et_pb_line_break_holder] -->\/*!<!-- [et_pb_line_break_holder] --> * eForm C\u00c1LCULO DE CUPOM<!-- [et_pb_line_break_holder] --> * Development \"InitiPress\"<!-- [et_pb_line_break_holder] --> * Contributors: andresobral - asobral@me.com<!-- [et_pb_line_break_holder] --> * criated  12\/05\/2023<!-- [et_pb_line_break_holder] --> * Released <!-- [et_pb_line_break_holder] --> * http:\/\/initipress.net\/<!-- [et_pb_line_break_holder] --> *\/<!-- [et_pb_line_break_holder] -->\/\/ Mapeamento dos campos conforme o t\u00edtulo.<!-- [et_pb_line_break_holder] -->jQuery(document).ready(function($) {<!-- [et_pb_line_break_holder] -->\tvar numberInputs<!-- [et_pb_line_break_holder] -->  var hstSite = window.location.hostname;          <!-- [et_pb_line_break_holder] -->  setTimeout(() => { <!-- [et_pb_line_break_holder] -->    $.getScript(\"https:\/\/\"+hstSite+\"\/cotacao\/wp-content\/themes\/Divi-child\/initipress\/valid\/wcStorage.js\");<!-- [et_pb_line_break_holder] -->    $.getScript(\"https:\/\/\"+hstSite+\"\/cotacao\/wp-content\/themes\/Divi-child\/initipress\/valid\/frontend.js\");<!-- [et_pb_line_break_holder] -->  }, 1000);<!-- [et_pb_line_break_holder] -->});<!-- [et_pb_line_break_holder] --><\/script><!-- [et_pb_line_break_holder] --><!-- [et_pb_line_break_holder] -->[\/et_pb_code][et_pb_code admin_label=\"<\/p>\n<style>\" _builder_version=\"4.21.0\" _module_preset=\"default\" global_colors_info=\"{}\"]<\/p>\n<style><!-- [et_pb_line_break_holder] -->\/* remove header do eForm*\/<!-- [et_pb_line_break_holder] -->  div.ipt-eform-tab-nav-wrap.scroll-not-needed{<!-- [et_pb_line_break_holder] -->    display:none!important;<!-- [et_pb_line_break_holder] -->  }<!-- [et_pb_line_break_holder] -->  <!-- [et_pb_line_break_holder] -->  \/* -------------------- *\/<!-- [et_pb_line_break_holder] --><\/style>\n<p>[\/et_pb_code][et_pb_blurb image=\"https:\/\/www.aeroconsultseguros.com\/cotacao\/wp-content\/uploads\/2023\/05\/aeroconsult-reta-tripuladas.jpeg\" _builder_version=\"4.21.0\" _module_preset=\"default\" body_text_align=\"center\" body_font_size=\"15px\" custom_margin_tablet=\"\" custom_margin_phone=\"\" custom_margin_last_edited=\"on|desktop\" custom_padding=\"|25px||25px|false|true\" custom_padding_tablet=\"|25px||25px|false|true\" custom_padding_phone=\"|25px||25px|false|true\" custom_padding_last_edited=\"on|desktop\" global_colors_info=\"{}\"]Tenha a cobertura ideal garantindo a tranquilidade que voc\u00ea precisa.[\/et_pb_blurb][et_pb_button button_url=\"@ET-DC@eyJkeW5hbWljIjp0cnVlLCJjb250ZW50IjoicG9zdF9saW5rX3VybF9wYWdlIiwic2V0dGluZ3MiOnsicG9zdF9pZCI6IjE5MyJ9fQ==@\" button_text=\"Fa\u00e7a sua cota\u00e7\u00e3o\" button_alignment=\"center\" button_alignment_tablet=\"center\" button_alignment_phone=\"center\" button_alignment_last_edited=\"on|desktop\" _builder_version=\"4.21.0\" _dynamic_attributes=\"button_url\" _module_preset=\"default\" custom_button=\"on\" button_text_color=\"#FFFFFF\" button_bg_color=\"#E5863D\" button_border_radius=\"74px\" button_border_width_tablet=\"\" button_border_width_phone=\"\" button_border_width_last_edited=\"on|desktop\" button_border_color_tablet=\"\" button_border_color_phone=\"\" button_border_color_last_edited=\"on|desktop\" global_colors_info=\"{}\"][\/et_pb_button][\/et_pb_column][et_pb_column type=\"1_3\" _builder_version=\"4.21.0\" _module_preset=\"default\" background_color=\"RGBA(255,255,255,0)\" transform_scale_tablet=\"\" transform_scale_phone=\"\" transform_scale_last_edited=\"on|desktop\" transform_translate_tablet=\"\" transform_translate_phone=\"\" transform_translate_last_edited=\"on|desktop\" transform_rotate_tablet=\"\" transform_rotate_phone=\"\" transform_rotate_last_edited=\"on|desktop\" transform_skew_tablet=\"\" transform_skew_phone=\"\" transform_skew_last_edited=\"on|desktop\" transform_origin_tablet=\"\" transform_origin_phone=\"\" transform_origin_last_edited=\"on|desktop\" transform_styles_last_edited=\"on|desktop\" custom_padding=\"0px|0px|20px|0px|false|true\" custom_padding_tablet=\"0px|0px|20px|0px|false|true\" custom_padding_phone=\"0px||||false|true\" custom_padding_last_edited=\"on|phone\" transform_styles_tablet=\"\" transform_styles_phone=\"\" custom_css_main_element=\"margin-top:-50px\" box_shadow_style=\"preset3\" global_colors_info=\"{}\" custom_css_main_element_last_edited=\"on|phone\" custom_css_main_element_tablet=\"margin-top:-20px\" custom_css_main_element_phone=\"margin-top:-50px\"][et_pb_blurb title=\"R.E.T.A. DRONE\" use_icon=\"on\" font_icon=\"&#xf863;||fa||900\" icon_color=\"#FFFFFF\" image_icon_background_color=\"RGBA(255,255,255,0)\" icon_placement=\"left\" image_icon_width=\"21px\" content_max_width=\"1100px\" title_tablet=\"SEGURO R.E.T.A. DRONE\" title_phone=\"SEGURO R.E.T.A. DRONE\" title_last_edited=\"on|phone\" image_icon_width_tablet=\"23px\" image_icon_width_phone=\"23px\" image_icon_width_last_edited=\"on|desktop\" admin_label=\"<\/p>\n<h2>\" _builder_version=\"4.21.0\" _module_preset=\"default\" header_level=\"h2\" header_font=\"|600||on|||||\" header_text_color=\"#FFFFFF\" header_font_size=\"21px\" body_font=\"|700|||||||\" background_enable_color=\"off\" use_background_color_gradient=\"on\" background_color_gradient_direction=\"173deg\" background_color_gradient_stops=\"#493a2d 0%|rgba(104,78,63,0.92) 98%\" module_alignment=\"left\" custom_margin=\"|0px|||false|false\" custom_padding=\"10px|15px|1px|15px|false|true\" hover_enabled=\"0\" header_font_size_tablet=\"21px\" header_font_size_phone=\"21px\" header_font_size_last_edited=\"on|desktop\" custom_css_main_element=\"height: 50px;||position:relative;||\" custom_css_blurb_image=\"padding-top:2px;\" custom_css_blurb_title=\"border-bottom: 3px solid #ffb74d;||position: absolute;||padding-top:4px;||padding-bottom:12px;||||\" border_width_bottom=\"4px\" border_color_bottom=\"#e5863d\" locked=\"off\" global_colors_info=\"{}\" custom_css_blurb_title_last_edited=\"on|desktop\" custom_css_blurb_image_last_edited=\"on|desktop\" custom_css_blurb_title_tablet=\"border-bottom: 3px solid #ffb74d;||position: absolute;||padding-top:4px;||padding-bottom:12px;||||\" custom_css_blurb_title_phone=\"border-bottom: 3px solid #ffb74d;||position: absolute;||padding-top:4px;||padding-bottom:12px;||||\" custom_css_blurb_image_tablet=\"padding-top:2px;\" custom_css_blurb_image_phone=\"padding-top:2px;\" sticky_enabled=\"0\"][\/et_pb_blurb][et_pb_code admin_label=\"%91ipt_fsqm_form id=%2226%22%93\" _builder_version=\"4.21.0\" _module_preset=\"default\" animation_style=\"fade\" animation_duration=\"600ms\" animation_delay=\"800ms\" global_colors_info=\"{}\"][\/et_pb_code][et_pb_code admin_label=\"<script>\" _builder_version=\"4.21.0\" _module_preset=\"default\" global_colors_info=\"{}\"]<script><!-- [et_pb_line_break_holder] -->\/*!<!-- [et_pb_line_break_holder] --> * eForm C\u00c1LCULO DE CUPOM<!-- [et_pb_line_break_holder] --> * Development \"InitiPress\"<!-- [et_pb_line_break_holder] --> * Contributors: andresobral - asobral@me.com<!-- [et_pb_line_break_holder] --> * criated  12\/05\/2023<!-- [et_pb_line_break_holder] --> * Released <!-- [et_pb_line_break_holder] --> * http:\/\/initipress.net\/<!-- [et_pb_line_break_holder] --> *\/<!-- [et_pb_line_break_holder] -->\/\/ Mapeamento dos campos conforme o t\u00edtulo.<!-- [et_pb_line_break_holder] -->jQuery(document).ready(function($) {<!-- [et_pb_line_break_holder] -->\tvar numberInputs<!-- [et_pb_line_break_holder] -->  var hstSite = window.location.hostname;          <!-- [et_pb_line_break_holder] -->  setTimeout(() => { <!-- [et_pb_line_break_holder] -->    $.getScript(\"https:\/\/\"+hstSite+\"\/cotacao\/wp-content\/themes\/Divi-child\/initipress\/valid\/wcStorage.js\");<!-- [et_pb_line_break_holder] -->    $.getScript(\"https:\/\/\"+hstSite+\"\/cotacao\/wp-content\/themes\/Divi-child\/initipress\/valid\/frontend.js\");<!-- [et_pb_line_break_holder] -->  }, 1000);<!-- [et_pb_line_break_holder] -->});<!-- [et_pb_line_break_holder] --><\/script><!-- [et_pb_line_break_holder] --><!-- [et_pb_line_break_holder] -->[\/et_pb_code][et_pb_code admin_label=\"<\/p>\n<style>\" _builder_version=\"4.21.0\" _module_preset=\"default\" global_colors_info=\"{}\"]<\/p>\n<style><!-- [et_pb_line_break_holder] -->\/* remove header do eForm*\/<!-- [et_pb_line_break_holder] -->  div.ipt-eform-tab-nav-wrap.scroll-not-needed{<!-- [et_pb_line_break_holder] -->    display:none!important;<!-- [et_pb_line_break_holder] -->  }<!-- [et_pb_line_break_holder] -->  <!-- [et_pb_line_break_holder] -->  \/* -------------------- *\/<!-- [et_pb_line_break_holder] --><\/style>\n<p>[\/et_pb_code][et_pb_blurb image=\"https:\/\/www.aeroconsultseguros.com\/cotacao\/wp-content\/uploads\/2023\/05\/aeroconsult-reta-drone.jpeg\" _builder_version=\"4.21.0\" _module_preset=\"default\" body_text_align=\"center\" body_font_size=\"15px\" custom_margin_tablet=\"\" custom_margin_phone=\"\" custom_margin_last_edited=\"on|desktop\" custom_padding=\"|25px||25px|false|true\" custom_padding_tablet=\"|25px||25px|false|true\" custom_padding_phone=\"|25px||25px|false|true\" custom_padding_last_edited=\"on|desktop\" body_text_align_tablet=\"center\" body_text_align_phone=\"center\" body_text_align_last_edited=\"on|desktop\" global_colors_info=\"{}\"]Proteja o seu bem com quem mais entende de seguro para drones.[\/et_pb_blurb][et_pb_button button_url=\"@ET-DC@eyJkeW5hbWljIjp0cnVlLCJjb250ZW50IjoicG9zdF9saW5rX3VybF9wYWdlIiwic2V0dGluZ3MiOnsicG9zdF9pZCI6IjgyIn19@\" button_text=\"Fa\u00e7a sua cota\u00e7\u00e3o\" button_alignment=\"center\" button_alignment_tablet=\"center\" button_alignment_phone=\"center\" button_alignment_last_edited=\"on|desktop\" _builder_version=\"4.21.0\" _dynamic_attributes=\"button_url\" _module_preset=\"default\" custom_button=\"on\" button_text_color=\"#FFFFFF\" button_bg_color=\"#E5863D\" button_border_radius=\"74px\" button_border_width_tablet=\"\" button_border_width_phone=\"\" button_border_width_last_edited=\"on|desktop\" button_border_color_tablet=\"\" button_border_color_phone=\"\" button_border_color_last_edited=\"on|desktop\" global_colors_info=\"{}\"][\/et_pb_button][\/et_pb_column][\/et_pb_row][\/et_pb_section]<\/p>\n","protected":false},"excerpt":{"rendered":"<p>Voc\u00ea est\u00e1 a um passo de obter a prote\u00e7\u00e3o ideal! Tenha a cobertura ideal garantindo a tranquilidade que voc\u00ea precisa.Proteja o seu bem com quem mais entende de seguro para drones.<\/p>\n","protected":false},"author":1,"featured_media":0,"parent":0,"menu_order":0,"comment_status":"closed","ping_status":"closed","template":"","meta":{"_et_pb_use_builder":"on","_et_pb_old_content":"","_et_gb_content_width":"","inline_featured_image":false,"footnotes":""},"class_list":["post-476","page","type-page","status-publish","hentry"],"_links":{"self":[{"href":"https:\/\/www.aeroconsultseguros.com\/cotacao\/wp-json\/wp\/v2\/pages\/476","targetHints":{"allow":["GET"]}}],"collection":[{"href":"https:\/\/www.aeroconsultseguros.com\/cotacao\/wp-json\/wp\/v2\/pages"}],"about":[{"href":"https:\/\/www.aeroconsultseguros.com\/cotacao\/wp-json\/wp\/v2\/types\/page"}],"author":[{"embeddable":true,"href":"https:\/\/www.aeroconsultseguros.com\/cotacao\/wp-json\/wp\/v2\/users\/1"}],"replies":[{"embeddable":true,"href":"https:\/\/www.aeroconsultseguros.com\/cotacao\/wp-json\/wp\/v2\/comments?post=476"}],"version-history":[{"count":0,"href":"https:\/\/www.aeroconsultseguros.com\/cotacao\/wp-json\/wp\/v2\/pages\/476\/revisions"}],"wp:attachment":[{"href":"https:\/\/www.aeroconsultseguros.com\/cotacao\/wp-json\/wp\/v2\/media?parent=476"}],"curies":[{"name":"wp","href":"https:\/\/api.w.org\/{rel}","templated":true}]}}